{"id":552,"date":"2021-03-04T10:20:27","date_gmt":"2021-03-04T09:20:27","guid":{"rendered":"https:\/\/www.laverda-lcf.fr\/?page_id=552"},"modified":"2026-01-21T17:32:34","modified_gmt":"2026-01-21T16:32:34","slug":"bienvenu-au-lcf","status":"publish","type":"page","link":"https:\/\/www.laverda-lcf.fr\/","title":{"rendered":"Bienvenue au LCF"},"content":{"rendered":"\n<p class=\"has-medium-font-size\">Les<a href=\"https:\/\/www.laverda-lcf.fr\/index.php\/le-bureau\/?preview_id=581&amp;preview_nonce=bf0826f8d9&amp;preview=true\"><\/a> <strong><a href=\"https:\/\/www.laverda-lcf.fr\/index.php\/le-bureau\/\">membres du bureau<\/a><\/strong> vous souhaitent la bienvenue sur le nouveau site du Laverda Club de France.<\/p>\n\n\n\n<p class=\"has-medium-font-size\"><strong>Articles r\u00e9cents :<\/strong><\/p>\n\n\n<ul class=\"wp-block-latest-posts__list wp-block-latest-posts\"><li><a class=\"wp-block-latest-posts__post-title\" href=\"https:\/\/www.laverda-lcf.fr\/index.php\/2026\/04\/02\/revision-des-50000km\/\">R\u00e9vision des 50000Km<\/a><\/li>\n<li><a class=\"wp-block-latest-posts__post-title\" href=\"https:\/\/www.laverda-lcf.fr\/index.php\/2026\/03\/15\/rassemblement-2026\/\">Rassemblement 2026<\/a><\/li>\n<li><a class=\"wp-block-latest-posts__post-title\" href=\"https:\/\/www.laverda-lcf.fr\/index.php\/2026\/03\/15\/ventes-motos\/\">Vente moto<\/a><\/li>\n<li><a class=\"wp-block-latest-posts__post-title\" href=\"https:\/\/www.laverda-lcf.fr\/index.php\/2026\/02\/16\/du-sake-chinois-en-digestif-apres-les-pates-sauce-venitienne\/\">Du Sak\u00e9 Chinois en digestif apr\u00e8s les p\u00e2tes sauce V\u00e9nitienne \u00a0!<\/a><\/li>\n<li><a class=\"wp-block-latest-posts__post-title\" href=\"https:\/\/www.laverda-lcf.fr\/index.php\/2026\/02\/09\/ag-2026\/\">AG 2026<\/a><\/li>\n<\/ul>\n\n\n<p class=\"has-normal-font-size\">Rappel concernant l&rsquo;utilisation du site : Lorsque qu&rsquo;un mot est de couleur orange, vous pouvez cliquer dessus pour atteindre une page, un article ou une information quelconque&#8230; <\/p>\n\n\n\n<p>&#8230; essayez en faisant connaissance avec les <strong><a rel=\"noreferrer noopener\" href=\"https:\/\/www.laverda-lcf.fr\/index.php\/le-bureau\/\" target=\"_blank\">membres du bureau<\/a><\/strong>.<\/p>\n\n\n\n<p>Pour rejoindre le club, cliquez ci-dessous pour avoir le bulletin d&rsquo;adh\u00e9sion<\/p>\n\n\n\n<div class=\"wp-block-buttons is-layout-flex wp-block-buttons-is-layout-flex\">\n<div class=\"wp-block-button is-style-fill\"><a class=\"wp-block-button__link wp-element-button\" href=\"https:\/\/www.laverda-lcf.fr\/wp-content\/uploads\/2026\/01\/adhesion-2026-LCF.pdf\" target=\"_blank\" rel=\"noreferrer noopener\">Adh\u00e9sion 2026<\/a><\/div>\n\n\n\n<div class=\"wp-block-button is-style-fill\"><a class=\"wp-block-button__link wp-element-button\" href=\"https:\/\/www.laverda-lcf.fr\/wp-content\/uploads\/2026\/01\/Bulletin-inscription-LCF-Lot-2026.pdf\" target=\"_blank\" rel=\"noreferrer noopener\">Bulletin d&rsquo;inscription Lot 2026<\/a><\/div>\n<\/div>\n\n\n\n<p><\/p>\n","protected":false},"excerpt":{"rendered":"<p>Les membres du bureau vous souhaitent la bienvenue sur le nouveau site du Laverda Club de France. Articles r\u00e9cents : Rappel concernant l&rsquo;utilisation du site : Lorsque qu&rsquo;un mot est de couleur orange, vous pouvez cliquer dessus pour atteindre une page, un article ou une information quelconque&#8230; &#8230; essayez en faisant connaissance avec les membres &hellip; <a href=\"https:\/\/www.laverda-lcf.fr\/\" class=\"more-link\">Continuer la lecture de <span class=\"screen-reader-text\">Bienvenue au LCF<\/span> <span class=\"meta-nav\">&rarr;<\/span><\/a><\/p>\n","protected":false},"author":2,"featured_media":0,"parent":0,"menu_order":0,"comment_status":"closed","ping_status":"closed","template":"","meta":{"footnotes":""},"class_list":["post-552","page","type-page","status-publish","hentry"],"_links":{"self":[{"href":"https:\/\/www.laverda-lcf.fr\/index.php\/wp-json\/wp\/v2\/pages\/552","targetHints":{"allow":["GET"]}}],"collection":[{"href":"https:\/\/www.laverda-lcf.fr\/index.php\/wp-json\/wp\/v2\/pages"}],"about":[{"href":"https:\/\/www.laverda-lcf.fr\/index.php\/wp-json\/wp\/v2\/types\/page"}],"author":[{"embeddable":true,"href":"https:\/\/www.laverda-lcf.fr\/index.php\/wp-json\/wp\/v2\/users\/2"}],"replies":[{"embeddable":true,"href":"https:\/\/www.laverda-lcf.fr\/index.php\/wp-json\/wp\/v2\/comments?post=552"}],"version-history":[{"count":26,"href":"https:\/\/www.laverda-lcf.fr\/index.php\/wp-json\/wp\/v2\/pages\/552\/revisions"}],"predecessor-version":[{"id":1959,"href":"https:\/\/www.laverda-lcf.fr\/index.php\/wp-json\/wp\/v2\/pages\/552\/revisions\/1959"}],"wp:attachment":[{"href":"https:\/\/www.laverda-lcf.fr\/index.php\/wp-json\/wp\/v2\/media?parent=552"}],"curies":[{"name":"wp","href":"https:\/\/api.w.org\/{rel}","templated":true}]}}